{"id":390,"date":"2018-11-03T21:56:46","date_gmt":"2018-11-03T21:56:46","guid":{"rendered":"http:\/\/klinikakubane.com\/Portal\/?page_id=390"},"modified":"2025-07-01T13:43:58","modified_gmt":"2025-07-01T13:43:58","slug":"contact","status":"publish","type":"page","link":"https:\/\/klinikakubane.com\/Portal\/contact\/","title":{"rendered":"KONTAKT"},"content":{"rendered":"<h5 style=\"text-align: left;\"><strong>Adresa:<\/strong><\/h5>\n<ul class=\"uiList _4kg\">\n<li><strong>Rruga &#8220;Qemal Stafa&#8221;, Nd.341, Shk.7 ,Ap.84, Tirane.<\/strong><\/li>\n<\/ul>\n<h5 style=\"text-align: left;\"><strong>Email:<\/strong>\u00a0<span id=\"cloak41e920b9f07fde6de19f8efc4be76ba4\"><a href=\"mailto:info@klinikakubane.com\">info@klinikakubane.com<\/a><\/span>\u00a0,<\/h5>\n<h5 style=\"text-align: left;\"><span id=\"cloak30198c7e434a9199dac35cccb9339f3f\"><a href=\"mailto:info@klinikakubane.al\">info@klinikakubane.al<\/a><\/span>,<\/h5>\n<h5 style=\"text-align: left;\"><span id=\"cloakd3a3a859bfaed452dd2c7960569fe951\"><a href=\"mailto:albania.vidatox@gmail.com\">albania.vidatox@gmail.com<\/a><\/span><\/h5>\n<h5 style=\"text-align: left;\"><strong><em>Tel: \u00a0<\/em><\/strong><em>\u00a0+355 69 66 85 228 \/ +355 4 24 72 288<\/em><\/h5>\n<h4 style=\"text-align: left;\"><em>Viber\/Whatsapp: +355\u00a069 66 85 228<\/em><\/h4>\n<h4 style=\"text-align: left;\"><em>\u00a0<\/em><strong>Facebook:<a href=\"https:\/\/www.facebook.com\/san.marco.5682\">\u00a0<\/a><\/strong><a href=\"https:\/\/www.facebook.com\/san.marco.5682\">https:\/\/www.facebook.com\/san.marco.5682<\/a><\/h4>\n<h5 style=\"text-align: left;\"><strong>\u00a0Instagram:\u00a0<a href=\"https:\/\/www.instagram.com\/vidatox.klinika_kubane\/?hl=en\">https:\/\/www.instagram.com\/vidatox.klinika_kubane\/?hl=en<\/a><\/strong><\/h5>\n<ul>\n<li>\n<h4><strong>B\u00ebjm\u00eb d\u00ebrgesa n\u00eb t\u00eb gjith\u00eb bot\u00ebn<\/strong><\/h4>\n<\/li>\n<\/ul>\n","protected":false},"excerpt":{"rendered":"<p>Adresa: Rruga &#8220;Qemal Stafa&#8221;, Nd.341, Shk.7 ,Ap.84, Tirane. Email:\u00a0info@klinikakubane.com\u00a0, info@klinikakubane.al, albania.vidatox@gmail.com Tel: \u00a0\u00a0+355 69 66 85 228 \/ +355 4 24 72 288 Viber\/Whatsapp: +355\u00a069 66 85 228 \u00a0Facebook:\u00a0https:\/\/www.facebook.com\/san.marco.5682 \u00a0Instagram:\u00a0https:\/\/www.instagram.com\/vidatox.klinika_kubane\/?hl=en B\u00ebjm\u00eb d\u00ebrgesa n\u00eb t\u00eb gjith\u00eb bot\u00ebn<\/p>\n","protected":false},"author":1,"featured_media":0,"parent":0,"menu_order":0,"comment_status":"closed","ping_status":"closed","template":"","meta":{"footnotes":""},"class_list":["post-390","page","type-page","status-publish","hentry"],"_links":{"self":[{"href":"https:\/\/klinikakubane.com\/Portal\/wp-json\/wp\/v2\/pages\/390","targetHints":{"allow":["GET"]}}],"collection":[{"href":"https:\/\/klinikakubane.com\/Portal\/wp-json\/wp\/v2\/pages"}],"about":[{"href":"https:\/\/klinikakubane.com\/Portal\/wp-json\/wp\/v2\/types\/page"}],"author":[{"embeddable":true,"href":"https:\/\/klinikakubane.com\/Portal\/wp-json\/wp\/v2\/users\/1"}],"replies":[{"embeddable":true,"href":"https:\/\/klinikakubane.com\/Portal\/wp-json\/wp\/v2\/comments?post=390"}],"version-history":[{"count":3,"href":"https:\/\/klinikakubane.com\/Portal\/wp-json\/wp\/v2\/pages\/390\/revisions"}],"predecessor-version":[{"id":1360,"href":"https:\/\/klinikakubane.com\/Portal\/wp-json\/wp\/v2\/pages\/390\/revisions\/1360"}],"wp:attachment":[{"href":"https:\/\/klinikakubane.com\/Portal\/wp-json\/wp\/v2\/media?parent=390"}],"curies":[{"name":"wp","href":"https:\/\/api.w.org\/{rel}","templated":true}]}}